{"id":507,"date":"2020-11-18T13:17:33","date_gmt":"2020-11-18T18:17:33","guid":{"rendered":"http:\/\/www.tflex180.com\/?page_id=507"},"modified":"2024-05-13T23:20:18","modified_gmt":"2024-05-14T03:20:18","slug":"buy-online","status":"publish","type":"page","link":"https:\/\/www.tflex180.com\/en\/buy-online\/","title":{"rendered":"Buy Online"},"content":{"rendered":"<div id=\"pl-507\"  class=\"panel-layout\" ><div id=\"pg-507-0\"  class=\"panel-grid panel-has-style\" ><div class=\"siteorigin-panels-stretch panel-row-style panel-row-style-for-507-0\" data-stretch-type=\"full\" ><div id=\"pgc-507-0-0\"  class=\"panel-grid-cell\" ><div id=\"panel-507-0-0-0\" class=\"so-panel widget widget_black-studio-tinymce widget_black_studio_tinymce panel-first-child panel-last-child\" data-index=\"0\" ><div class=\"textwidget\"><h3 style=\"text-align: left;\" class=\"styleH2 orange\">RV Drain Hose Support<\/h3>\n<h1 style=\"text-align: left;\" class=\"styleH1 white\">Buy Online<\/h1>\n<\/div><\/div><\/div><\/div><\/div><div id=\"pg-507-1\"  class=\"panel-grid panel-has-style\" ><div class=\"siteorigin-panels-stretch panel-row-style panel-row-style-for-507-1\" data-stretch-type=\"full\" ><div id=\"pgc-507-1-0\"  class=\"panel-grid-cell\" ><div id=\"panel-507-1-0-0\" class=\"so-panel widget widget_black-studio-tinymce widget_black_studio_tinymce panel-first-child\" data-index=\"1\" ><div class=\"textwidget\"><h2 class=\"orange styleH3\">TFLEX-180<\/h2>\n<h3>Revolutionary<\/h3>\n<ul class=\"a-unordered-list a-vertical a-spacing-mini\">\n<li><span class=\"a-list-item\">Made of high-quality plastic with UV protection (for the sun)<\/span><\/li>\n<li><span class=\"a-list-item\">Adds stiffness to the connection between your RV and the draining station<\/span><\/li>\n<li><span class=\"a-list-item\">Bends up to 180\u00b0 and its adjustable height helps optimizing the slope between the output of the tank and the sewer<\/span><span class=\"a-list-item\"><br \/>\n<\/span><\/li>\n<\/ul>\n<h3>Easy installation<\/h3>\n<ul class=\"a-unordered-list a-vertical a-spacing-mini\">\n<li><span class=\"a-list-item\">30 seconds to install and store<\/span><\/li>\n<li><span class=\"a-list-item\">Conveniently ready to use straight of the box<\/span><\/li>\n<li><span class=\"a-list-item\">Compact<\/span><\/li>\n<li><span class=\"a-list-item\">Can easily be retracted and stored in its transportation bag<\/span><\/li>\n<\/ul>\n<h3>Fits all hose formats and size (diameters between 3\" (7.6 cm) and 4\" (10 cm))<\/h3>\n<ul class=\"a-unordered-list a-vertical a-spacing-mini\">\n<li><span class=\"a-list-item\">Trailer<\/span><\/li>\n<li><span class=\"a-list-item\">Fifth Wheel<\/span><\/li>\n<li><span class=\"a-list-item\">RVs<\/span><\/li>\n<li><span class=\"a-list-item\">Recreational Vehicles<\/span><\/li>\n<li><span class=\"a-list-item\">Caravans<br \/>\n<\/span><\/li>\n<\/ul>\n<h3>What is included?<\/h3>\n<\/div><\/div><div id=\"panel-507-1-0-1\" class=\"so-panel widget widget_siteorigin-panels-builder panel-last-child\" data-index=\"2\" ><div id=\"pl-w5fbd2b2d6749d\"  class=\"panel-layout\" ><div id=\"pg-w5fbd2b2d6749d-0\"  class=\"panel-grid panel-no-style\" ><div id=\"pgc-w5fbd2b2d6749d-0-0\"  class=\"panel-grid-cell\" ><div id=\"panel-w5fbd2b2d6749d-0-0-0\" class=\"so-panel widget widget_black-studio-tinymce widget_black_studio_tinymce panel-first-child panel-last-child\" data-index=\"0\" ><div class=\"textwidget\"><h4>TFLEX-180 - 15 feet<\/h4>\n<ul class=\"a-unordered-list a-vertical a-spacing-mini\">\n<li><span class=\"a-list-item\">1 TFLEX-180<\/span><\/li>\n<li><span class=\"a-list-item\">1 Drain Hose Support<\/span><\/li>\n<li><span class=\"a-list-item\">3 Sets of adjustable feet<\/span><\/li>\n<li><span class=\"a-list-item\">1 Flexible Strap to <\/span><\/li>\n<li><span class=\"a-list-item\">1 Storage and carrier bag<\/span><\/li>\n<\/ul>\n<\/div><\/div><\/div><div id=\"pgc-w5fbd2b2d6749d-0-1\"  class=\"panel-grid-cell\" ><div id=\"panel-w5fbd2b2d6749d-0-1-0\" class=\"so-panel widget widget_black-studio-tinymce widget_black_studio_tinymce panel-first-child panel-last-child\" data-index=\"1\" ><div class=\"textwidget\"><h4>TFLEX-180 - 20 feet<\/h4>\n<ul class=\"a-unordered-list a-vertical a-spacing-mini\">\n<li><span class=\"a-list-item\">1 TFLEX-180<\/span><\/li>\n<li><span class=\"a-list-item\">1 Drain Hose Support<\/span><\/li>\n<li><span class=\"a-list-item\">4 Sets of adjustable feet<\/span><\/li>\n<li><span class=\"a-list-item\">1 Flexible Strap to <\/span><\/li>\n<li><span class=\"a-list-item\">1 Storage and carrier bag<\/span><\/li>\n<\/ul>\n<\/div><\/div><\/div><\/div><\/div><\/div><\/div><div id=\"pgc-507-1-1\"  class=\"panel-grid-cell\" ><div id=\"panel-507-1-1-0\" class=\"so-panel widget widget_black-studio-tinymce widget_black_studio_tinymce panel-first-child\" data-index=\"3\" ><div class=\"textwidget\"><p><img loading=\"lazy\" decoding=\"async\" class=\"alignnone size-full wp-image-509\" src=\"data:image\/gif;base64,R0lGODdhAQABAPAAAP\/\/\/wAAACwAAAAAAQABAEACAkQBADs=\" data-lazy-src=\"http:\/\/www.tflex180.com\/wp-content\/uploads\/2020\/10\/support_tuyau_vidange_vehicule-recreatif.jpg\" alt=\"\" width=\"679\" height=\"382\" \/><noscript><img loading=\"lazy\" decoding=\"async\" class=\"alignnone size-full wp-image-509\" src=\"data:image\/gif;base64,R0lGODdhAQABAPAAAP\/\/\/wAAACwAAAAAAQABAEACAkQBADs=\" data-lazy-src=\"http:\/\/www.tflex180.com\/wp-content\/uploads\/2020\/10\/support_tuyau_vidange_vehicule-recreatif.jpg\" alt=\"\" width=\"679\" height=\"382\" data-lazy-srcset=\"https:\/\/www.tflex180.com\/wp-content\/uploads\/2020\/10\/support_tuyau_vidange_vehicule-recreatif.jpg 679w, https:\/\/www.tflex180.com\/wp-content\/uploads\/2020\/10\/support_tuyau_vidange_vehicule-recreatif-300x169.jpg 300w\" data-lazy-sizes=\"(max-width: 679px) 100vw, 679px\" \/><noscript><img loading=\"lazy\" decoding=\"async\" class=\"alignnone size-full wp-image-509\" src=\"http:\/\/www.tflex180.com\/wp-content\/uploads\/2020\/10\/support_tuyau_vidange_vehicule-recreatif.jpg\" alt=\"\" width=\"679\" height=\"382\" srcset=\"https:\/\/www.tflex180.com\/wp-content\/uploads\/2020\/10\/support_tuyau_vidange_vehicule-recreatif.jpg 679w, https:\/\/www.tflex180.com\/wp-content\/uploads\/2020\/10\/support_tuyau_vidange_vehicule-recreatif-300x169.jpg 300w\" sizes=\"(max-width: 679px) 100vw, 679px\" \/><\/noscript><\/noscript><\/p>\n<\/div><\/div><div id=\"panel-507-1-1-1\" class=\"widget_text so-panel widget widget_custom_html panel-last-child\" data-index=\"4\" ><div class=\"textwidget custom-html-widget\"><h3 style=\"text-align:center\">Get it now!<\/h3>\n<a href=\"https:\/\/www.amazon.ca\/-\/fr\/TFLEX-Support-d\u00e9vacuation-v\u00e9hicule-r\u00e9cr\u00e9atif\/dp\/B07MWFTGFD\/ref=sr_1_4?crid=2YCVQ1QT7Q2X4&dib=eyJ2IjoiMSJ9.jtKKQoJIbVBdUPDm1z255fMaFCpsKstXmNrE2Kc96OG41l5fI-vFNJNgcFVWiEA5arbpec5DiRR1djtIjiMBphnXXKM2MRRKjO9OigfSS9B510DTgP7BDYkkWOX1r-utpWcm36ca1nV4XMj00hCmWnGcnolx-9Rf6YEAIYjORHggCbIAphuC8mS5UK_VIPyBxP4ngrl7VG83fuS4nJZ6AmRrRQn5NfdHMrmVywrkBtBwOEoCYG60t-Q4onmOLR8SqrWrLI6TEPOpzT0LCeyPKcaMePTvVA3bQu5wYEkgSmw.TK6c-f61ocUvVgViHN4_i0jd8eHWyKS33gNL85g8B1w&dib_tag=se&keywords=tflex%2B180%2Btuyau&qid=1715655547&sprefix=tflex%2B180%2Btuyau%2Caps%2C51&sr=8-4&th=1&language=en_CA\" target=\"_blank\" rel=\"noopener\"><img decoding=\"async\" src=\"data:image\/gif;base64,R0lGODdhAQABAPAAAP\/\/\/wAAACwAAAAAAQABAEACAkQBADs=\" data-lazy-src=\"https:\/\/www.tflex180.com\/wp-content\/uploads\/2024\/05\/logo-amazon.png\" alt=\"Achetez sur Amazon\" style=\"width: 276px;\"><noscript><img decoding=\"async\" src=\"data:image\/gif;base64,R0lGODdhAQABAPAAAP\/\/\/wAAACwAAAAAAQABAEACAkQBADs=\" data-lazy-src=\"https:\/\/www.tflex180.com\/wp-content\/uploads\/2024\/05\/logo-amazon.png\" alt=\"Achetez sur Amazon\" style=\"width: 276px;\"><noscript><img decoding=\"async\" src=\"https:\/\/www.tflex180.com\/wp-content\/uploads\/2024\/05\/logo-amazon.png\" alt=\"Achetez sur Amazon\" style=\"width: 276px;\"><\/noscript><\/noscript><\/a>\n<p>\n\t\n<\/p>\n<ul class=\"product-listing\">\n\t<li>\n\t\t<form action=\"https:\/\/www.paypal.com\/cgi-bin\/webscr\" method=\"post\" target=\"_top\">\n\t\t<input type=\"hidden\" name=\"cmd\" value=\"_s-xclick\">\n\t\t<input type=\"hidden\" name=\"hosted_button_id\" value=\"4FGR8PQG42C42\">\n\t\t<table style=\"width: 100%;\">\n\t\t<tr><td><input type=\"hidden\" name=\"on0\" value=\"Size\"><strong>Size<\/strong><\/td><\/tr><tr><td><select style=\"background: #fff url(\/wp-content\/themes\/ubeo-theme\/images\/arrow_select-orange.png) right center no-repeat;cursor:pointer;border:1px solid #f15926;\" name=\"os0\">\n\t\t\t<option value=\"15 feet\">15 feet $95,00 CAD<\/option>\n\t\t\t<option value=\"20 feet\">20 feet $105,00 CAD<\/option>\n\t\t<\/select> <\/td><\/tr>\n\t\t<\/table>\n\t\t<input type=\"hidden\" name=\"currency_code\" value=\"CAD\">\n\t\t<input type=\"image\" src=\"https:\/\/www.paypalobjects.com\/en_US\/i\/btn\/btn_buynowCC_LG.gif\" border=\"0\" name=\"submit\" alt=\"PayPal - The safer, easier way to pay online!\">\n\t\t<img loading=\"lazy\" decoding=\"async\" alt=\"\" border=\"0\" src=\"data:image\/gif;base64,R0lGODdhAQABAPAAAP\/\/\/wAAACwAAAAAAQABAEACAkQBADs=\" data-lazy-src=\"https:\/\/www.paypalobjects.com\/fr_CA\/i\/scr\/pixel.gif\" width=\"1\" height=\"1\"><noscript><img loading=\"lazy\" decoding=\"async\" alt=\"\" border=\"0\" src=\"data:image\/gif;base64,R0lGODdhAQABAPAAAP\/\/\/wAAACwAAAAAAQABAEACAkQBADs=\" data-lazy-src=\"https:\/\/www.paypalobjects.com\/fr_CA\/i\/scr\/pixel.gif\" width=\"1\" height=\"1\"><noscript><img loading=\"lazy\" decoding=\"async\" alt=\"\" border=\"0\" src=\"https:\/\/www.paypalobjects.com\/fr_CA\/i\/scr\/pixel.gif\" width=\"1\" height=\"1\"><\/noscript><\/noscript>\n\t\t<\/form>\n\t<\/li>\n\t<li>\n\t\t\t<form action=\"https:\/\/www.paypal.com\/cgi-bin\/webscr\" method=\"post\" target=\"_top\">\n\t\t\t<input type=\"hidden\" name=\"cmd\" value=\"_s-xclick\">\n\t\t\t<input type=\"hidden\" name=\"hosted_button_id\" value=\"Y2P9BKZJCHN2C\">\n\t\t\t<table style=\"width: 100%;\">\n\t\t\t<tr><td><input type=\"hidden\" name=\"on0\" value=\"Size\"><strong>Size<\/strong><\/td><\/tr><tr><td><select style=\"background: #fff url(\/wp-content\/themes\/ubeo-theme\/images\/arrow_select-orange.png) right center no-repeat;cursor:pointer;border:1px solid #f15926;\" name=\"os0\">\n\t\t\t\t<option value=\"15 feet\">15 feet $75,00 USD<\/option>\n\t\t\t\t<option value=\"20 feet\">20 feet $85,00 USD<\/option>\n\t\t\t<\/select> <\/td><\/tr>\n\t\t\t<\/table>\n\t\t\t<input type=\"hidden\" name=\"currency_code\" value=\"USD\">\n\t\t\t<input type=\"image\" src=\"https:\/\/www.paypalobjects.com\/en_US\/i\/btn\/btn_buynowCC_LG.gif\" border=\"0\" name=\"submit\" alt=\"PayPal - The safer, easier way to pay online!\">\n\t\t\t<img loading=\"lazy\" decoding=\"async\" alt=\"\" border=\"0\" src=\"data:image\/gif;base64,R0lGODdhAQABAPAAAP\/\/\/wAAACwAAAAAAQABAEACAkQBADs=\" data-lazy-src=\"https:\/\/www.paypalobjects.com\/fr_CA\/i\/scr\/pixel.gif\" width=\"1\" height=\"1\"><noscript><img loading=\"lazy\" decoding=\"async\" alt=\"\" border=\"0\" src=\"data:image\/gif;base64,R0lGODdhAQABAPAAAP\/\/\/wAAACwAAAAAAQABAEACAkQBADs=\" data-lazy-src=\"https:\/\/www.paypalobjects.com\/fr_CA\/i\/scr\/pixel.gif\" width=\"1\" height=\"1\"><noscript><img loading=\"lazy\" decoding=\"async\" alt=\"\" border=\"0\" src=\"https:\/\/www.paypalobjects.com\/fr_CA\/i\/scr\/pixel.gif\" width=\"1\" height=\"1\"><\/noscript><\/noscript>\n\t\t\t<\/form>\n\t<\/li>\n<\/ul><\/div><\/div><\/div><\/div><\/div><div id=\"pg-507-2\"  class=\"panel-grid panel-no-style\" ><div id=\"pgc-507-2-0\"  class=\"panel-grid-cell\" ><div id=\"panel-507-2-0-0\" class=\"widget_text so-panel widget widget_custom_html panel-first-child panel-last-child\" data-index=\"5\" ><div class=\"textwidget custom-html-widget\"><p>\n\t&nbsp;\n<\/p><\/div><\/div><\/div><\/div><\/div>","protected":false},"excerpt":{"rendered":"<p>RV Drain Hose Support Buy Online TFLEX-180 Revolutionary Made of high-quality plastic with UV protection (for the sun) Adds stiffness to the connection between your RV and the draining station Bends up to 180\u00b0 and its adjustable height helps optimizing the slope between the output of the tank and the sewer Easy installation 30 seconds [&hellip;]<\/p>\n","protected":false},"author":4,"featured_media":158,"parent":0,"menu_order":0,"comment_status":"closed","ping_status":"closed","template":"page.php","meta":{"_acf_changed":false,"footnotes":""},"acf":[],"yoast_head":"<!-- This site is optimized with the Yoast SEO plugin v24.5 - https:\/\/yoast.com\/wordpress\/plugins\/seo\/ -->\n<title>TFLEX-180, support of sewage hose for recreational vehicles<\/title>\n<meta name=\"description\" content=\"Revolutionary support of drain hose for the draining of RV, trailer and fifth wheel wastewater tanks, TFLEX-180\" \/>\n<meta name=\"robots\" content=\"index, follow, max-snippet:-1, max-image-preview:large, max-video-preview:-1\" \/>\n<link rel=\"canonical\" href=\"https:\/\/www.tflex180.com\/en\/buy-online\/\" \/>\n<meta property=\"og:locale\" content=\"en_US\" \/>\n<meta property=\"og:type\" content=\"article\" \/>\n<meta property=\"og:title\" content=\"TFLEX-180, support of sewage hose for recreational vehicles\" \/>\n<meta property=\"og:description\" content=\"Revolutionary support of drain hose for the draining of RV, trailer and fifth wheel wastewater tanks, TFLEX-180\" \/>\n<meta property=\"og:url\" content=\"https:\/\/www.tflex180.com\/en\/buy-online\/\" \/>\n<meta property=\"og:site_name\" content=\"TFlex180\" \/>\n<meta property=\"article:modified_time\" content=\"2024-05-14T03:20:18+00:00\" \/>\n<meta property=\"og:image\" content=\"https:\/\/www.tflex180.com\/wp-content\/uploads\/2017\/04\/about_banner.jpg\" \/>\n\t<meta property=\"og:image:width\" content=\"2000\" \/>\n\t<meta property=\"og:image:height\" content=\"270\" \/>\n\t<meta property=\"og:image:type\" content=\"image\/jpeg\" \/>\n<meta name=\"twitter:card\" content=\"summary_large_image\" \/>\n<meta name=\"twitter:label1\" content=\"Est. reading time\" \/>\n\t<meta name=\"twitter:data1\" content=\"2 minutes\" \/>\n<script type=\"application\/ld+json\" class=\"yoast-schema-graph\">{\"@context\":\"https:\/\/schema.org\",\"@graph\":[{\"@type\":\"WebPage\",\"@id\":\"https:\/\/www.tflex180.com\/en\/buy-online\/\",\"url\":\"https:\/\/www.tflex180.com\/en\/buy-online\/\",\"name\":\"TFLEX-180, support of sewage hose for recreational vehicles\",\"isPartOf\":{\"@id\":\"https:\/\/www.tflex180.com\/#website\"},\"primaryImageOfPage\":{\"@id\":\"https:\/\/www.tflex180.com\/en\/buy-online\/#primaryimage\"},\"image\":{\"@id\":\"https:\/\/www.tflex180.com\/en\/buy-online\/#primaryimage\"},\"thumbnailUrl\":\"https:\/\/www.tflex180.com\/wp-content\/uploads\/2017\/04\/about_banner.jpg\",\"datePublished\":\"2020-11-18T18:17:33+00:00\",\"dateModified\":\"2024-05-14T03:20:18+00:00\",\"description\":\"Revolutionary support of drain hose for the draining of RV, trailer and fifth wheel wastewater tanks, TFLEX-180\",\"breadcrumb\":{\"@id\":\"https:\/\/www.tflex180.com\/en\/buy-online\/#breadcrumb\"},\"inLanguage\":\"en-US\",\"potentialAction\":[{\"@type\":\"ReadAction\",\"target\":[\"https:\/\/www.tflex180.com\/en\/buy-online\/\"]}]},{\"@type\":\"ImageObject\",\"inLanguage\":\"en-US\",\"@id\":\"https:\/\/www.tflex180.com\/en\/buy-online\/#primaryimage\",\"url\":\"https:\/\/www.tflex180.com\/wp-content\/uploads\/2017\/04\/about_banner.jpg\",\"contentUrl\":\"https:\/\/www.tflex180.com\/wp-content\/uploads\/2017\/04\/about_banner.jpg\",\"width\":2000,\"height\":270},{\"@type\":\"BreadcrumbList\",\"@id\":\"https:\/\/www.tflex180.com\/en\/buy-online\/#breadcrumb\",\"itemListElement\":[{\"@type\":\"ListItem\",\"position\":1,\"name\":\"Accueil\",\"item\":\"https:\/\/www.tflex180.com\/en\/\"},{\"@type\":\"ListItem\",\"position\":2,\"name\":\"Buy Online\"}]},{\"@type\":\"WebSite\",\"@id\":\"https:\/\/www.tflex180.com\/#website\",\"url\":\"https:\/\/www.tflex180.com\/\",\"name\":\"TFlex180\",\"description\":\"\",\"potentialAction\":[{\"@type\":\"SearchAction\",\"target\":{\"@type\":\"EntryPoint\",\"urlTemplate\":\"https:\/\/www.tflex180.com\/?s={search_term_string}\"},\"query-input\":{\"@type\":\"PropertyValueSpecification\",\"valueRequired\":true,\"valueName\":\"search_term_string\"}}],\"inLanguage\":\"en-US\"}]}<\/script>\n<!-- \/ Yoast SEO plugin. -->","yoast_head_json":{"title":"TFLEX-180, support of sewage hose for recreational vehicles","description":"Revolutionary support of drain hose for the draining of RV, trailer and fifth wheel wastewater tanks, TFLEX-180","robots":{"index":"index","follow":"follow","max-snippet":"max-snippet:-1","max-image-preview":"max-image-preview:large","max-video-preview":"max-video-preview:-1"},"canonical":"https:\/\/www.tflex180.com\/en\/buy-online\/","og_locale":"en_US","og_type":"article","og_title":"TFLEX-180, support of sewage hose for recreational vehicles","og_description":"Revolutionary support of drain hose for the draining of RV, trailer and fifth wheel wastewater tanks, TFLEX-180","og_url":"https:\/\/www.tflex180.com\/en\/buy-online\/","og_site_name":"TFlex180","article_modified_time":"2024-05-14T03:20:18+00:00","og_image":[{"width":2000,"height":270,"url":"https:\/\/www.tflex180.com\/wp-content\/uploads\/2017\/04\/about_banner.jpg","type":"image\/jpeg"}],"twitter_card":"summary_large_image","twitter_misc":{"Est. reading time":"2 minutes"},"schema":{"@context":"https:\/\/schema.org","@graph":[{"@type":"WebPage","@id":"https:\/\/www.tflex180.com\/en\/buy-online\/","url":"https:\/\/www.tflex180.com\/en\/buy-online\/","name":"TFLEX-180, support of sewage hose for recreational vehicles","isPartOf":{"@id":"https:\/\/www.tflex180.com\/#website"},"primaryImageOfPage":{"@id":"https:\/\/www.tflex180.com\/en\/buy-online\/#primaryimage"},"image":{"@id":"https:\/\/www.tflex180.com\/en\/buy-online\/#primaryimage"},"thumbnailUrl":"https:\/\/www.tflex180.com\/wp-content\/uploads\/2017\/04\/about_banner.jpg","datePublished":"2020-11-18T18:17:33+00:00","dateModified":"2024-05-14T03:20:18+00:00","description":"Revolutionary support of drain hose for the draining of RV, trailer and fifth wheel wastewater tanks, TFLEX-180","breadcrumb":{"@id":"https:\/\/www.tflex180.com\/en\/buy-online\/#breadcrumb"},"inLanguage":"en-US","potentialAction":[{"@type":"ReadAction","target":["https:\/\/www.tflex180.com\/en\/buy-online\/"]}]},{"@type":"ImageObject","inLanguage":"en-US","@id":"https:\/\/www.tflex180.com\/en\/buy-online\/#primaryimage","url":"https:\/\/www.tflex180.com\/wp-content\/uploads\/2017\/04\/about_banner.jpg","contentUrl":"https:\/\/www.tflex180.com\/wp-content\/uploads\/2017\/04\/about_banner.jpg","width":2000,"height":270},{"@type":"BreadcrumbList","@id":"https:\/\/www.tflex180.com\/en\/buy-online\/#breadcrumb","itemListElement":[{"@type":"ListItem","position":1,"name":"Accueil","item":"https:\/\/www.tflex180.com\/en\/"},{"@type":"ListItem","position":2,"name":"Buy Online"}]},{"@type":"WebSite","@id":"https:\/\/www.tflex180.com\/#website","url":"https:\/\/www.tflex180.com\/","name":"TFlex180","description":"","potentialAction":[{"@type":"SearchAction","target":{"@type":"EntryPoint","urlTemplate":"https:\/\/www.tflex180.com\/?s={search_term_string}"},"query-input":{"@type":"PropertyValueSpecification","valueRequired":true,"valueName":"search_term_string"}}],"inLanguage":"en-US"}]}},"_links":{"self":[{"href":"https:\/\/www.tflex180.com\/en\/wp-json\/wp\/v2\/pages\/507"}],"collection":[{"href":"https:\/\/www.tflex180.com\/en\/wp-json\/wp\/v2\/pages"}],"about":[{"href":"https:\/\/www.tflex180.com\/en\/wp-json\/wp\/v2\/types\/page"}],"author":[{"embeddable":true,"href":"https:\/\/www.tflex180.com\/en\/wp-json\/wp\/v2\/users\/4"}],"replies":[{"embeddable":true,"href":"https:\/\/www.tflex180.com\/en\/wp-json\/wp\/v2\/comments?post=507"}],"version-history":[{"count":56,"href":"https:\/\/www.tflex180.com\/en\/wp-json\/wp\/v2\/pages\/507\/revisions"}],"predecessor-version":[{"id":786,"href":"https:\/\/www.tflex180.com\/en\/wp-json\/wp\/v2\/pages\/507\/revisions\/786"}],"wp:featuredmedia":[{"embeddable":true,"href":"https:\/\/www.tflex180.com\/en\/wp-json\/wp\/v2\/media\/158"}],"wp:attachment":[{"href":"https:\/\/www.tflex180.com\/en\/wp-json\/wp\/v2\/media?parent=507"}],"curies":[{"name":"wp","href":"https:\/\/api.w.org\/{rel}","templated":true}]}}